{"id":1406,"date":"2025-01-05T16:49:59","date_gmt":"2025-01-05T16:49:59","guid":{"rendered":"https:\/\/moramoor.de\/?page_id=1406"},"modified":"2025-01-05T16:50:00","modified_gmt":"2025-01-05T16:50:00","slug":"agb-2","status":"publish","type":"page","link":"https:\/\/moramoor.de\/?page_id=1406","title":{"rendered":"AGB"},"content":{"rendered":"\n<p><strong>ALLGEMEINE GESCH\u00c4FTSBEDINGUNGEN<\/strong><\/p>\n\n\n\n<p><strong><br>\u00a71 Allgemeines Geltungsbereich:<br><\/strong>Die folgenden Allgemeinen Gesch\u00e4ftsbedingungen gelten f\u00fcr alle Gesch\u00e4ftsbeziehungen zwischen:<\/p>\n\n\n\n<p>Lea Cheyenne Sauskat<br>Zw\u00f6lf Berge 23<br>25588 Oldendorf<br>Germany<br>und dem Kunden. Ma\u00dfgeblich ist jeweils die zum Zeitpunkt des Vertragsschlusses g\u00fcltige Fassung.<br><\/p>\n\n\n\n<p><strong>\u00a72 Vertragsabschluss:<\/strong><br>(1) Die Darstellung von Kunstwerken im Internet stellt kein Angebot dar, sondern ist nur eine unverbindliche und freibleibende Aufforderungen an den Kunden, Kaufanfragen zu stellen. Die Onlinedarstellungen k\u00f6nnen von den bestellten Kunstwerken geringf\u00fcgig abweichen. Besonders die Farbwiedergabe ist technisch bedingt nicht 100% zuverl\u00e4ssig.<\/p>\n\n\n\n<p>(2) Mit der Kaufanfrage\/Auftragsanfrage eines Kunstwerkes\/Designs gibt der Kunde kein f\u00fcr ihn verbindliches Angebot auf Abschluss eines Kaufvertrages ab.<\/p>\n\n\n\n<p>(3) Eine Beantwortung einer Kaufanfrage\/Auftragsanfrage \u00fcber Messenger oder per E-Mail stellt noch keine Vertragsannahme dar.<\/p>\n\n\n\n<p>(4) Das Angebot erfolgt per E-Mail oder Messenger, wenn die Ware verf\u00fcgbar ist und zum Verkauf steht und\/oder die zeitlichen Kapazit\u00e4ten zur Bearbeitung vorhanden sind. Im Angebot werden auch alle individuellen Regelungen festgehalten.<\/p>\n\n\n\n<p>(5) Die Vertragsannahme erfolgt durch eine schriftliche Annahme des vorab zugesandten Angebots. Der Kunde ist verpflichtet die AGBs zu lesen. Mit der Vertragsannahme akzeptiert der Kunde die AGBs.<br><\/p>\n\n\n\n<p><strong>\u00a73 Preise und Lieferung:<\/strong><br>(1) Alle angegebenen Preise sind Bruttopreise ohne Umsatzsteuer gem. \u00a7 13b UStG. F\u00fcr den Fall von Sonderangeboten gilt der angebotene Preis auf die Sonderaktion befristet. Einzelheiten hierzu sind der jeweiligen Kunstbeschreibung oder Sonderaktion zu entnehmen.<\/p>\n\n\n\n<p>(2) Der Kunde erh\u00e4lt die Ware auf einem f\u00fcr das Produkt passenden Weg. Dateien k\u00f6nnen per Link f\u00fcr eine bestimmte Zeitspanne aus einer Cloud heruntergeladen werden. Analoge Werke werden versandt oder k\u00f6nnen nach Absprache abgeholt werden.<\/p>\n\n\n\n<p>(3) Hat der Kunde die Lieferung per Zusteller gew\u00e4hlt, kommen Versandkosten hinzu. Die Versandkosten h\u00e4ngen vom Gewicht der bestellten Ware, sowie der Versandart ab und werden im Angebot aufgef\u00fchrt.<\/p>\n\n\n\n<p>(4) Alle Risiken und Gefahren, die im Rahmen der Warenversendung auftreten k\u00f6nnen, gehen zu Lasten des Kunden, sobald die Waren von Lea Cheyenne Sauskat an den Zusteller, oder dem Kunden selbst \u00fcbergeben wurden.&nbsp;Lea Cheyenne Sauskat&nbsp;haftet nicht f\u00fcr Besch\u00e4digungen oder Verlust der Waren, die nach \u00dcbergabe derselben zur Bef\u00f6rderung entstehen. Diese sind gegebenenfalls gegen\u00fcber dem Zusteller geltend zu machen.<br><\/p>\n\n\n\n<p><strong>\u00a74 Zahlungsbedingungen:<\/strong><br>(1) Die Zahlung erfolgt per Vorkasse. Die Lieferung erfolgt nach Zahlungseingang.<\/p>\n\n\n\n<p>(2) Der Kunde erh\u00e4lt f\u00fcr den Rechnungsbetrag eine Rechnung.<\/p>\n\n\n\n<p>(3) Sollten im Vertrag nicht vereinbarte Forderungen aufkommen, so k\u00f6nnen diese zu nicht berechneten Kosten f\u00fchren.<br>F\u00fcr diese Nachzahlungen erh\u00e4lt der Kunde ebenfalls eine Rechnung.<\/p>\n\n\n\n<p>(4) Sofern kein Zahlungseingang innerhalb von 14 Tagen seit Vertragsabschluss zu verzeichnen ist, so ist ein Fortbestand des Leistungsinteresses seitens&nbsp;Lea Cheyenne Sauskat&nbsp;nicht mehr gegeben und&nbsp;Lea Cheyenne Sauskat&nbsp;macht von ihrem gesetzlichen R\u00fccktrittsrecht Gebrauch (\u00a7 323 Abs. 2 Ziff. 2 BGB).<br><\/p>\n\n\n\n<p><strong>\u00a75 Arbeitsbedingungen:<\/strong><br>(1) Die L\u00e4nge des Arbeitsprozesses ist immer vom Projekt abh\u00e4ngig, kann variieren und auch durch Au\u00dfeneinfl\u00fcsse ver\u00e4ndert werden. Dementsprechend kann die Arbeitszeit nur gesch\u00e4tzt werden und ist keine verbindliche Deadline.\u00a0<\/p>\n\n\n\n<p>(2) Bei der Vereinbarung einer verbindlichen Deadline wird diese im Angebot festgehalten. Sollte die vereinbarte Deadline nicht eingehalten werden k\u00f6nnen, so bekommt der Kunde entweder sein Geld zur\u00fcckerstattet, wird die Ware nicht erhalten und der Auftrag wird storniert, oder der Auftrag wird weiterhin bearbeitet, doch der Kunde erh\u00e4lt 20% des gezahlten Betrages zur\u00fcck. F\u00fcr andere, durch die versp\u00e4tete Lieferung entstandene, Kosten oder Sch\u00e4den kommt Lea Cheyenne Sauskat nicht auf.<\/p>\n\n\n\n<p>(3) Der Arbeitsprozess besteht aus einzelnen Arbeitsabschnitten, welche nach Beendigung des&nbsp;Arbeitsabschnittes immer vom Kunden abgesegnet werden m\u00fcssen. Welche Arbeitsabschnitte und wie viele im Prozess enthalten sind, ist vom Projekt abh\u00e4ngig.<\/p>\n\n\n\n<p>(4) W\u00e4hrend des Arbeitsprozesses hat der Kunde die im Vertrag angegebene Anzahl an \u00c4nderungs- oder Anpassungsw\u00fcnschen, welche bei den abzusegnenden Zwischenschritten ge\u00e4u\u00dfert werden k\u00f6nnen.<\/p>\n\n\n\n<p>(5) Soll die Bearbeitung schneller erfolgen, als die \u00fcbliche Bearbeitungsdauer, oder soll au\u00dferhalb der normalen Werktage (Sonntage und Feiertage) gearbeitet werden, so ist dies mit einem Aufpreis verbunden, der individuell nach Auftrag variiert.<\/p>\n\n\n\n<p>(6) Eine Unterschrift, sowie eine Mora sind in den Arbeiten immer enthalten. Soll dies nicht der Fall sein, so ist das mit einem individuellen Aufpreis verbunden.<br><\/p>\n\n\n\n<p><strong>\u00a76 Nutzungsrecht:<\/strong><br>(1)Der Kunde ist berechtigt das Werk f\u00fcr private Zwecke zu nutzen. Wenn der Kunde die Ware online oder auf Socialmediaplattformen pr\u00e4sentiert, so ist die Urheberin Lea Cheyenne Sauskat immer zu verlinken und zu benennen. Daf\u00fcr kann auch ihr K\u00fcnstlername MoraMoor verwendet werden.<\/p>\n\n\n\n<p>(2) Bei&nbsp;Onlinedarstellungen&nbsp;oder Posts\/Reposts von besagten Werken ist die Version mit Wasserzeichen zu nutzen, welche von Lea Cheyenne Sauskat f\u00fcr solche Zwecke angefordert werden kann.<\/p>\n\n\n\n<p>(3) Eine kommerzielle Nutzung ist untersagt.<\/p>\n\n\n\n<p>(4) Vertraglich k\u00f6nnen kommerzielle Nutzungen und unterlassene Erw\u00e4hnung des Urhebers individuell vereinbart werden, diese haben einen Aufpreis, welcher nach den Forderungen variiert.<\/p>\n\n\n\n<p>(5) Die Urheberin Lea Cheyenne Sauskat beh\u00e4lt alle Nutzungsrechte des Werkes. Einschr\u00e4nkungen des Nutzungsrechtes, m\u00fcssen individuell und vertraglich vereinbart werden, diese haben einen Aufpreis, welcher nach den Forderungen variiert.<\/p>\n\n\n\n<p>(6) Die Werke von Lea Cheyenne Sauskat zum Training einer K\u00fcnstliche Intelligenz zu nutzen oder auf Basis der Werke von Lea Cheyenne Sauskat mit einer K\u00fcnstliche Intelligenz neue Werke zu schaffen ist untersagt.<\/p>\n\n\n\n<p><strong>\u00a77 Eigentumsvorbehalt:<\/strong><br>Lea Cheyenne Sauskat&nbsp;beh\u00e4lt sich das Eigentum an der Ware bis zur vollst\u00e4ndigen Bezahlung des Kaufpreises vor. Eine Verpf\u00e4ndung oder Sicherheits\u00fcbertragung der Waren ohne ihre schriftliche Zustimmung ist nicht zul\u00e4ssig.<br><\/p>\n\n\n\n<p><strong>\u00a78 Beanstandungen:<\/strong><br>(1) Beanstandungen sind innerhalb von 7 Tagen ab Erhalt der Ware, sofort nach Bekanntwerden, an Lea Cheyenne Sauskat zu richten.<br>M\u00e4ngel\/Fehler k\u00f6nnen bis zu 2 Mal korregiert werden.&nbsp;M\u00e4ngel\/Fehler&nbsp;beinhalten keine komplette \u00dcberarbetiung des Projektes.<\/p>\n\n\n\n<p>(2)Alle Zwischenschritte des Arbeitsprozesses, die vom Kunden abgesegnet wurden sind nicht vom Kunden zu beanstanden.<\/p>\n\n\n\n<p>(3)Ausgeschlossen hiervon sind M\u00e4ngel, welche durch&nbsp;Transport&nbsp;oder Eigenverschulden, unsachgem\u00e4\u00dfe Behandlung, Nutzung, Lagerung, Ver\u00e4nderung der Ware&nbsp;oder nat\u00fcrlichen Verschlei\u00df&nbsp;entstanden sind.<br><\/p>\n\n\n\n<p><strong>\u00a79 Gew\u00e4hrleistung:<\/strong><br>(1) Der Kunde ist verpflichtet, die gelieferte Ware unverz\u00fcglich nach Empfang auf Qualit\u00e4tsabweichungen zu \u00fcberpr\u00fcfen und eventuelle Reklamationen innerhalb von 14 Werktagen schriftlich anzuzeigen, andernfalls ist die Geltendmachung von Gew\u00e4hrleistungsanspr\u00fcchen ausgeschlossen.<\/p>\n\n\n\n<p>(2) Bei Reklamationen muss das Kaufdatum mit einer Rechnung nachgewiesen werden. Ausgeschlossen sind M\u00e4ngel, die durch Transport, unsachgem\u00e4\u00dfe Behandlung, Ver\u00e4nderung des gelieferten Gegenstandes oder nat\u00fcrlicher Verschlei\u00df entstanden sind. Den Kunden trifft die volle Beweislast f\u00fcr s\u00e4mtliche Anspruch Voraussetzungen.<\/p>\n\n\n\n<p>(3) Handels\u00fcbliche oder geringe, technisch nicht vermeidbare Abweichungen der Qualit\u00e4t, Farbe, Gr\u00f6\u00dfe, des Druckes, Kunstwerks oder des Designs d\u00fcrfen nicht beanstandet werden.<br><\/p>\n\n\n\n<p><strong>\u00a710 Widerrufsrecht:<br><\/strong><em>(1) Widerrufsbelehrung<br><\/em><em>a.) Widerrufserkl\u00e4rung:<br><\/em><em>Sie k\u00f6nnen Ihre Vertragserkl\u00e4rung innerhalb von 14 Tagen ohne Angabe von Gr\u00fcnden in Textform (z. B. Brief, Fax, E-Mail) oder \u2013 wenn Ihnen die Sache vor Fristablauf \u00fcberlassen wird \u2013 auch durch R\u00fccksendung der Sache widerrufen. Die Frist beginnt nach Erhalt dieser Belehrung in Textform, jedoch nicht vor Eingang der Ware beim Empf\u00e4nger (bei der wiederkehrenden Lieferung gleichartiger Waren nicht vor Eingang der ersten Teillieferung) und auch nicht vor Erf\u00fcllung unserer Informationspflichten gem\u00e4\u00df Artikel 246 \u00a7 2 in Verbindung mit \u00a7 1 Abs. 1 und 2 EGBGB sowie unserer Pflichten gem\u00e4\u00df \u00a7 312g Abs. 1 Satz 1 BGB in Verbindung mit Artikel 246 \u00a7 3 EGBGB. Zur Wahrung der Widerrufsfrist gen\u00fcgt die rechtzeitige Absendung des Widerrufs oder der Sache.<\/em><\/p>\n\n\n\n<p>Der Widerruf ist zu richten an:<br>Lea Cheyenne Sauskat<br>Zw\u00f6lf Berge 23<br>25588 Oldendorf<br>Telefon: 0152 55 27 53 53<\/p>\n\n\n\n<p><em>b.) Widerrufsfolgen:<br>Im Falle eines wirksamen Widerrufs sind die beiderseits empfangenen Leistungen zur\u00fcck zu gew\u00e4hren und ggf. gezogene Nutzungen (z. B. Zinsen) herauszugeben. K\u00f6nnen Sie uns die empfangene Leistung sowie Nutzungen (z. B. Gebrauchsvorteile) nicht oder teilweise nicht oder nur in verschlechtertem Zustand zur\u00fcckgew\u00e4hren beziehungsweise herausgeben, m\u00fcssen Sie uns insoweit Wertersatz leisten. F\u00fcr die Verschlechterung der Sache und f\u00fcr gezogene Nutzungen m\u00fcssen Sie Wertersatz nur leisten, soweit die Nutzungen oder die Verschlechterung auf einen Umgang mit der Sache zur\u00fcckzuf\u00fchren ist, der \u00fcber die Pr\u00fcfung der Eigenschaften und der Funktionsweise hinausgeht. Unter \u201ePr\u00fcfung der Eigenschaften und der Funktionsweise\u201c versteht man das Testen und Ausprobieren der jeweiligen Ware, wie es etwa im Ladengesch\u00e4ft m\u00f6glich und \u00fcblich ist.<\/em><\/p>\n\n\n\n<p><em>Paketversand f\u00e4hige Sachen sind auf unsere Gefahr zur\u00fcckzusenden. Sie haben die regelm\u00e4\u00dfigen Kosten der R\u00fccksendung zu tragen, wenn die gelieferte Ware der bestellten entspricht. Nicht paketversand f\u00e4hige Sachen m\u00fcssen Sie selbst zum Vertragspartner zur\u00fcckbringen. Verpflichtungen zur Erstattung von Zahlungen m\u00fcssen innerhalb von 30 Tagen erf\u00fcllt werden. Die Frist beginnt f\u00fcr Sie mit der Absendung Ihrer Widerrufserkl\u00e4rung oder der Sache, f\u00fcr uns mit deren Empfang.<br>Ende der Widerrufsbelehrung<\/em><\/p>\n\n\n\n<p>(2) Das Widerrufsrecht besteht nicht bei Lieferungen von Kunstwerken die nach Kundenspezifikationen angefertigt werden oder die auf Grund ihrer Beschaffenheit nicht f\u00fcr eine R\u00fccksendung geeignet sind.<\/p>\n\n\n\n<p>(3) Die zur R\u00fccksendung bestimmte Ware ist ordnungsgem\u00e4\u00df zu verpacken. Transportsch\u00e4den die durch unsachgem\u00e4\u00dfe Verpackung entstanden sind, belasten den Kunden. Als ordnungsgem\u00e4\u00dfe Verpackung gilt nur die Originalverpackung oder eine gleichwertige Verpackung.<\/p>\n\n\n\n<p><strong>\u00a711 Vertraulichkeit:<\/strong><br>Kundendaten werden selbstverst\u00e4ndlich vertraulich behandelt und nicht an Dritte weitergegeben. Sie dienen lediglich dem internen Gebrauch.<br><\/p>\n\n\n\n<p><strong>\u00a712 Schlussbestimmungen:<\/strong><br>(1) Ist der Kunde Kaufmann, juristische Person des \u00f6ffentlichen Rechts oder \u00f6ffentlich-rechtliches Sonderverm\u00f6gen, ist ausschlie\u00dflicher Gerichtsstand f\u00fcr alle Streitigkeiten aus diesem Vertrag unser Gesch\u00e4ftssitz. Dasselbe gilt, wenn der Kunde keinen allgemeinen Gerichtsstand in Deutschland hat oder Wohnsitz oder gew\u00f6hnlicher Aufenthalt im Zeitpunkt der Klageerhebung nicht bekannt sind.<\/p>\n\n\n\n<p>(2) Nebenabreden, Zusicherungen von Eigenschaften, Vertrags\u00e4nderungen bed\u00fcrfen der Schriftform. Von dieser Schriftformabrede kann nur durch schriftliche Vereinbarung abgewichen werden.<\/p>\n\n\n\n<p>(3) Sollten einzelne Bestimmungen des Vertrags mit dem Vertragspartner einschlie\u00dflich dieser allgemeinen Gesch\u00e4ftsbedingungen ganz oder teilweise unwirksam sein oder werden, so wird hierdurch die G\u00fcltigkeit der \u00fcbrigen Bestimmungen nicht ber\u00fchrt. Die ganz oder teilweise unwirksame Regelung soll durch eine Regelung ersetzt werden, deren wirtschaftlicher Erfolg der unwirksamen m\u00f6glichst nahe kommt.<\/p>\n","protected":false},"excerpt":{"rendered":"<p>ALLGEMEINE GESCH\u00c4FTSBEDINGUNGEN \u00a71 Allgemeines Geltungsbereich:Die folgenden Allgemeinen Gesch\u00e4ftsbedingungen gelten f\u00fcr alle Gesch\u00e4ftsbeziehungen zwischen: Lea Cheyenne SauskatZw\u00f6lf Berge 2325588 OldendorfGermanyund dem [&hellip;]<\/p>\n","protected":false},"author":1,"featured_media":0,"parent":0,"menu_order":0,"comment_status":"closed","ping_status":"closed","template":"","meta":{"_uag_custom_page_level_css":"","site-sidebar-layout":"default","site-content-layout":"","ast-site-content-layout":"default","site-content-style":"default","site-sidebar-style":"default","ast-global-header-display":"","ast-banner-title-visibility":"","ast-main-header-display":"","ast-hfb-above-header-display":"","ast-hfb-below-header-display":"","ast-hfb-mobile-header-display":"","site-post-title":"","ast-breadcrumbs-content":"","ast-featured-img":"","footer-sml-layout":"","ast-disable-related-posts":"","theme-transparent-header-meta":"","adv-header-id-meta":"","stick-header-meta":"","header-above-stick-meta":"","header-main-stick-meta":"","header-below-stick-meta":"","astra-migrate-meta-layouts":"default","ast-page-background-enabled":"default","ast-page-background-meta":{"desktop":{"background-color":"var(--ast-global-color-5)","background-image":"","background-repeat":"repeat","background-position":"center center","background-size":"auto","background-attachment":"scroll","background-type":"","background-media":"","overlay-type":"","overlay-color":"","overlay-opacity":"","overlay-gradient":""},"tablet":{"background-color":"","background-image":"","background-repeat":"repeat","background-position":"center center","background-size":"auto","background-attachment":"scroll","background-type":"","background-media":"","overlay-type":"","overlay-color":"","overlay-opacity":"","overlay-gradient":""},"mobile":{"background-color":"","background-image":"","background-repeat":"repeat","background-position":"center center","background-size":"auto","background-attachment":"scroll","background-type":"","background-media":"","overlay-type":"","overlay-color":"","overlay-opacity":"","overlay-gradient":""}},"ast-content-background-meta":{"desktop":{"background-color":"var(--ast-global-color-4)","background-image":"","background-repeat":"repeat","background-position":"center center","background-size":"auto","background-attachment":"scroll","background-type":"","background-media":"","overlay-type":"","overlay-color":"","overlay-opacity":"","overlay-gradient":""},"tablet":{"background-color":"var(--ast-global-color-4)","background-image":"","background-repeat":"repeat","background-position":"center center","background-size":"auto","background-attachment":"scroll","background-type":"","background-media":"","overlay-type":"","overlay-color":"","overlay-opacity":"","overlay-gradient":""},"mobile":{"background-color":"var(--ast-global-color-4)","background-image":"","background-repeat":"repeat","background-position":"center center","background-size":"auto","background-attachment":"scroll","background-type":"","background-media":"","overlay-type":"","overlay-color":"","overlay-opacity":"","overlay-gradient":""}},"footnotes":""},"class_list":["post-1406","page","type-page","status-publish","hentry"],"uagb_featured_image_src":{"full":false,"thumbnail":false,"medium":false,"medium_large":false,"large":false,"1536x1536":false,"2048x2048":false},"uagb_author_info":{"display_name":"MoraMoor","author_link":"https:\/\/moramoor.de\/?author=1"},"uagb_comment_info":0,"uagb_excerpt":"ALLGEMEINE GESCH\u00c4FTSBEDINGUNGEN \u00a71 Allgemeines Geltungsbereich:Die folgenden Allgemeinen Gesch\u00e4ftsbedingungen gelten f\u00fcr alle Gesch\u00e4ftsbeziehungen zwischen: Lea Cheyenne SauskatZw\u00f6lf Berge 2325588 OldendorfGermanyund dem [&hellip;]","_links":{"self":[{"href":"https:\/\/moramoor.de\/index.php?rest_route=\/wp\/v2\/pages\/1406","targetHints":{"allow":["GET"]}}],"collection":[{"href":"https:\/\/moramoor.de\/index.php?rest_route=\/wp\/v2\/pages"}],"about":[{"href":"https:\/\/moramoor.de\/index.php?rest_route=\/wp\/v2\/types\/page"}],"author":[{"embeddable":true,"href":"https:\/\/moramoor.de\/index.php?rest_route=\/wp\/v2\/users\/1"}],"replies":[{"embeddable":true,"href":"https:\/\/moramoor.de\/index.php?rest_route=%2Fwp%2Fv2%2Fcomments&post=1406"}],"version-history":[{"count":1,"href":"https:\/\/moramoor.de\/index.php?rest_route=\/wp\/v2\/pages\/1406\/revisions"}],"predecessor-version":[{"id":1409,"href":"https:\/\/moramoor.de\/index.php?rest_route=\/wp\/v2\/pages\/1406\/revisions\/1409"}],"wp:attachment":[{"href":"https:\/\/moramoor.de\/index.php?rest_route=%2Fwp%2Fv2%2Fmedia&parent=1406"}],"curies":[{"name":"wp","href":"https:\/\/api.w.org\/{rel}","templated":true}]}}