{"id":1402,"date":"2025-01-05T16:40:46","date_gmt":"2025-01-05T16:40:46","guid":{"rendered":"https:\/\/moramoor.de\/?page_id=1402"},"modified":"2026-02-05T18:06:14","modified_gmt":"2026-02-05T18:06:14","slug":"impressum-2","status":"publish","type":"page","link":"https:\/\/moramoor.de\/?page_id=1402","title":{"rendered":"Impressum"},"content":{"rendered":"\n<p><strong>Angaben gem\u00e4\u00df \u00a7 5 TMG<br><br><\/strong>Lea Cheyenne Sauskat<br>Zw\u00f6lf Berge 23<br>25588 Oldendorf<\/p>\n\n\n\n<p>Ust-ID: DE409363658<\/p>\n\n\n\n<p>Kontakt<br>Telefon: 01525-527-53-53<br>E-Mail: moramoor.art@gmail.com<\/p>\n\n\n\n<p><br><strong>HAFTUNG F\u00dcR INHALTE<br><\/strong>Als Diensteanbieter sind wir gem\u00e4\u00df \u00a7 7 Abs.1 TMG f\u00fcr eigene Inhalte auf diesen Seiten nach den&nbsp;allgemeinen Gesetzen verantwortlich. Nach \u00a7\u00a7 8 bis 10 TMG sind wir als Diensteanbieter jedoch nicht&nbsp;verpflichtet, \u00fcbermittelte oder gespeicherte fremde Informationen zu \u00fcberwachen oder nach Umst\u00e4nden zu&nbsp;forschen, die auf eine rechtswidrige T\u00e4tigkeit hinweisen.&nbsp;Verpflichtungen zur Entfernung oder Sperrung der Nutzung von Informationen nach den allgemeinen&nbsp;Gesetzen bleiben hiervon unber\u00fchrt. Eine diesbez\u00fcgliche Haftung ist jedoch erst ab dem Zeitpunkt der&nbsp;Kenntnis einer konkreten Rechtsverletzung m\u00f6glich. Bei Bekanntwerden von entsprechenden&nbsp;Rechtsverletzungen werden wir diese Inhalte umgehend entfernen.<br><br><br><strong>HAFTUNG F\u00dcR LINKS<br><\/strong>Unser Angebot enth\u00e4lt Links zu externen Websites Dritter, auf deren Inhalte wir keinen Einfluss haben.&nbsp;Deshalb k\u00f6nnen wir f\u00fcr diese fremden Inhalte auch keine Gew\u00e4hr \u00fcbernehmen. F\u00fcr die Inhalte der&nbsp;verlinkten Seiten ist stets der jeweilige Anbieter oder Betreiber der Seiten verantwortlich. Die verlinkten&nbsp;Seiten wurden zum Zeitpunkt der Verlinkung auf m\u00f6gliche Rechtsverst\u00f6\u00dfe \u00fcberpr\u00fcft. Rechtswidrige Inhalte&nbsp;waren zum Zeitpunkt der Verlinkung nicht erkennbar.&nbsp;Eine permanente inhaltliche Kontrolle der verlinkten Seiten ist jedoch ohne konkrete Anhaltspunkte einer&nbsp;Rechtsverletzung nicht zumutbar. Bei Bekanntwerden von Rechtsverletzungen werden wir derartige Links&nbsp;umgehend entfernen.<\/p>\n\n\n\n<p><strong>URHEBERRECHT<\/strong><br>Die durch die Seitenbetreiber erstellten Inhalte und Werke auf diesen Seiten unterliegen dem deutschen&nbsp;Urheberrecht. Die Vervielf\u00e4ltigung, Bearbeitung, Verbreitung und jede Art der Verwertung au\u00dferhalb der&nbsp;Grenzen des Urheberrechtes bed\u00fcrfen der schriftlichen Zustimmung des jeweiligen Autors bzw. Erstellers.&nbsp;Downloads und Kopien dieser Seite sind nur f\u00fcr den privaten, nicht kommerziellen Gebrauch gestattet.&nbsp;Soweit die Inhalte auf dieser Seite nicht vom Betreiber erstellt wurden, werden die Urheberrechte Dritter&nbsp;beachtet. Insbesondere werden Inhalte Dritter als solche gekennzeichnet. Sollten Sie trotzdem auf eine&nbsp;Urheberrechtsverletzung aufmerksam werden, bitten wir um einen entsprechenden Hinweis. Bei&nbsp;Bekanntwerden von Rechtsverletzungen werden wir derartige Inhalte umgehend entfernen.<\/p>\n\n\n\n<p>Impressum erstellt mit erecht24.de<\/p>\n\n\n\n<p><\/p>\n","protected":false},"excerpt":{"rendered":"<p>Angaben gem\u00e4\u00df \u00a7 5 TMG Lea Cheyenne SauskatZw\u00f6lf Berge 2325588 Oldendorf Ust-ID: DE409363658 KontaktTelefon: 01525-527-53-53E-Mail: moramoor.art@gmail.com HAFTUNG F\u00dcR INHALTEAls Diensteanbieter [&hellip;]<\/p>\n","protected":false},"author":1,"featured_media":0,"parent":0,"menu_order":0,"comment_status":"closed","ping_status":"closed","template":"","meta":{"_uag_custom_page_level_css":"","site-sidebar-layout":"default","site-content-layout":"","ast-site-content-layout":"default","site-content-style":"default","site-sidebar-style":"default","ast-global-header-display":"","ast-banner-title-visibility":"","ast-main-header-display":"","ast-hfb-above-header-display":"","ast-hfb-below-header-display":"","ast-hfb-mobile-header-display":"","site-post-title":"","ast-breadcrumbs-content":"","ast-featured-img":"","footer-sml-layout":"","ast-disable-related-posts":"","theme-transparent-header-meta":"","adv-header-id-meta":"","stick-header-meta":"","header-above-stick-meta":"","header-main-stick-meta":"","header-below-stick-meta":"","astra-migrate-meta-layouts":"default","ast-page-background-enabled":"default","ast-page-background-meta":{"desktop":{"background-color":"var(--ast-global-color-5)","background-image":"","background-repeat":"repeat","background-position":"center center","background-size":"auto","background-attachment":"scroll","background-type":"","background-media":"","overlay-type":"","overlay-color":"","overlay-opacity":"","overlay-gradient":""},"tablet":{"background-color":"","background-image":"","background-repeat":"repeat","background-position":"center center","background-size":"auto","background-attachment":"scroll","background-type":"","background-media":"","overlay-type":"","overlay-color":"","overlay-opacity":"","overlay-gradient":""},"mobile":{"background-color":"","background-image":"","background-repeat":"repeat","background-position":"center center","background-size":"auto","background-attachment":"scroll","background-type":"","background-media":"","overlay-type":"","overlay-color":"","overlay-opacity":"","overlay-gradient":""}},"ast-content-background-meta":{"desktop":{"background-color":"var(--ast-global-color-4)","background-image":"","background-repeat":"repeat","background-position":"center center","background-size":"auto","background-attachment":"scroll","background-type":"","background-media":"","overlay-type":"","overlay-color":"","overlay-opacity":"","overlay-gradient":""},"tablet":{"background-color":"var(--ast-global-color-4)","background-image":"","background-repeat":"repeat","background-position":"center center","background-size":"auto","background-attachment":"scroll","background-type":"","background-media":"","overlay-type":"","overlay-color":"","overlay-opacity":"","overlay-gradient":""},"mobile":{"background-color":"var(--ast-global-color-4)","background-image":"","background-repeat":"repeat","background-position":"center center","background-size":"auto","background-attachment":"scroll","background-type":"","background-media":"","overlay-type":"","overlay-color":"","overlay-opacity":"","overlay-gradient":""}},"footnotes":""},"class_list":["post-1402","page","type-page","status-publish","hentry"],"uagb_featured_image_src":{"full":false,"thumbnail":false,"medium":false,"medium_large":false,"large":false,"1536x1536":false,"2048x2048":false},"uagb_author_info":{"display_name":"MoraMoor","author_link":"https:\/\/moramoor.de\/?author=1"},"uagb_comment_info":0,"uagb_excerpt":"Angaben gem\u00e4\u00df \u00a7 5 TMG Lea Cheyenne SauskatZw\u00f6lf Berge 2325588 Oldendorf Ust-ID: DE409363658 KontaktTelefon: 01525-527-53-53E-Mail: moramoor.art@gmail.com HAFTUNG F\u00dcR INHALTEAls Diensteanbieter [&hellip;]","_links":{"self":[{"href":"https:\/\/moramoor.de\/index.php?rest_route=\/wp\/v2\/pages\/1402","targetHints":{"allow":["GET"]}}],"collection":[{"href":"https:\/\/moramoor.de\/index.php?rest_route=\/wp\/v2\/pages"}],"about":[{"href":"https:\/\/moramoor.de\/index.php?rest_route=\/wp\/v2\/types\/page"}],"author":[{"embeddable":true,"href":"https:\/\/moramoor.de\/index.php?rest_route=\/wp\/v2\/users\/1"}],"replies":[{"embeddable":true,"href":"https:\/\/moramoor.de\/index.php?rest_route=%2Fwp%2Fv2%2Fcomments&post=1402"}],"version-history":[{"count":4,"href":"https:\/\/moramoor.de\/index.php?rest_route=\/wp\/v2\/pages\/1402\/revisions"}],"predecessor-version":[{"id":1420,"href":"https:\/\/moramoor.de\/index.php?rest_route=\/wp\/v2\/pages\/1402\/revisions\/1420"}],"wp:attachment":[{"href":"https:\/\/moramoor.de\/index.php?rest_route=%2Fwp%2Fv2%2Fmedia&parent=1402"}],"curies":[{"name":"wp","href":"https:\/\/api.w.org\/{rel}","templated":true}]}}